{"id":27836,"date":"2024-10-20T20:57:40","date_gmt":"2024-10-20T18:57:40","guid":{"rendered":"https:\/\/babylade.ch\/?post_type=product&#038;p=27836"},"modified":"2026-01-14T08:21:16","modified_gmt":"2026-01-14T07:21:16","slug":"einfache-fahrkarte","status":"publish","type":"product","link":"https:\/\/shuttle2.amrlimo.ch\/de\/ticket\/einfache-fahrkarte","title":{"rendered":"Einfache Fahrkarte"},"content":{"rendered":"<ul>\n<li>Gruppen ab 10 Personen erhalten individuelle Konditionen. Bitte kontaktieren Sie unser Shuttlebus B\u00fcro f\u00fcr ein pers\u00f6nliches Angebot. (vip@amrlimo.ch \/ +41 (0)44 599 66 90)<\/li>\n<li>Jedes gekaufte Ticket ist f\u00fcr eine\u00a0<strong>einfache Fahrt<\/strong> zum Hotel oder Flughafen g\u00fcltig und gilt ab dem Kaufdatum eine Woche lang.<\/li>\n<li>Der Shuttle-Service f\u00e4hrt t\u00e4glich. Der Fahrplan ist an der Hotelrezeption und direkt im Shuttlebus verf\u00fcgbar.<\/li>\n<li>Die Sitzpl\u00e4tze werden nach dem Prinzip \u201eWer zuerst kommt, mahlt zuerst\u201c vergeben und sind nicht garantiert. Bei \u00dcberbuchung f\u00e4hrt der Shuttle durchgehend, was zu einer Wartezeit von 10 bis 15 Minuten f\u00fchren kann.<\/li>\n<li>Kinder unter 6 Jahren fahren kostenlos. Bitte Ausweis vorweisen.<\/li>\n<li>Keine R\u00fcckerstattung<\/li>\n<li style=\"list-style-type: none;\"><\/li>\n<\/ul>\n","protected":false},"excerpt":{"rendered":"<p><strong>Shuttlebus-Abholung:<\/strong><\/p>\n<ul>\n<li>am Hotel-Haupteingang<\/li>\n<li>am Flughafen auf der Randspur bei Ankunft 1<\/li>\n<\/ul>\n<p>Jeder Transfer erfordert ein separates Ticket<\/p>\n","protected":false},"featured_media":105741,"template":"","meta":[],"product_brand":[],"product_cat":[71],"product_tag":[],"class_list":{"0":"post-27836","1":"product","2":"type-product","3":"status-publish","4":"has-post-thumbnail","6":"product_cat-tickets","8":"first","9":"instock","10":"virtual","11":"taxable","12":"purchasable","13":"product-type-simple"},"yoast_head":"<!-- This site is optimized with the Yoast SEO plugin v26.7 - https:\/\/yoast.com\/wordpress\/plugins\/seo\/ -->\n<title>Einfache Fahrkarte - Kameha Airport Shuttle<\/title>\n<meta name=\"robots\" content=\"index, follow, max-snippet:-1, max-image-preview:large, max-video-preview:-1\" \/>\n<link rel=\"canonical\" href=\"https:\/\/shuttle2.amrlimo.ch\/de\/ticket\/einfache-fahrkarte\" \/>\n<meta property=\"og:locale\" content=\"de_DE\" \/>\n<meta property=\"og:type\" content=\"article\" \/>\n<meta property=\"og:title\" content=\"Einfache Fahrkarte - Kameha Airport Shuttle\" \/>\n<meta property=\"og:description\" content=\"Shuttlebus-Abholung:   am Hotel-Haupteingang  am Flughafen auf der Randspur bei Ankunft 1  Jeder Transfer erfordert ein separates Ticket\" \/>\n<meta property=\"og:url\" content=\"https:\/\/shuttle2.amrlimo.ch\/de\/ticket\/einfache-fahrkarte\" \/>\n<meta property=\"og:site_name\" content=\"Kameha Airport Shuttle\" \/>\n<meta property=\"article:publisher\" content=\"https:\/\/www.facebook.com\/amrlimo.ch\/\" \/>\n<meta property=\"article:modified_time\" content=\"2026-01-14T07:21:16+00:00\" \/>\n<meta property=\"og:image\" content=\"https:\/\/shuttle2.amrlimo.ch\/wp-content\/uploads\/Kameha-Airport.jpg\" \/>\n\t<meta property=\"og:image:width\" content=\"1063\" \/>\n\t<meta property=\"og:image:height\" content=\"709\" \/>\n\t<meta property=\"og:image:type\" content=\"image\/jpeg\" \/>\n<meta name=\"twitter:card\" content=\"summary_large_image\" \/>\n<meta name=\"twitter:label1\" content=\"Gesch\u00e4tzte Lesezeit\" \/>\n\t<meta name=\"twitter:data1\" content=\"1\u00a0Minute\" \/>\n<script type=\"application\/ld+json\" class=\"yoast-schema-graph\">{\"@context\":\"https:\/\/schema.org\",\"@graph\":[{\"@type\":\"WebPage\",\"@id\":\"https:\/\/shuttle2.amrlimo.ch\/de\/ticket\/einfache-fahrkarte\",\"url\":\"https:\/\/shuttle2.amrlimo.ch\/de\/ticket\/einfache-fahrkarte\",\"name\":\"Einfache Fahrkarte - Kameha Airport Shuttle\",\"isPartOf\":{\"@id\":\"https:\/\/shuttle2.amrlimo.ch\/de#website\"},\"primaryImageOfPage\":{\"@id\":\"https:\/\/shuttle2.amrlimo.ch\/de\/ticket\/einfache-fahrkarte#primaryimage\"},\"image\":{\"@id\":\"https:\/\/shuttle2.amrlimo.ch\/de\/ticket\/einfache-fahrkarte#primaryimage\"},\"thumbnailUrl\":\"https:\/\/shuttle2.amrlimo.ch\/wp-content\/uploads\/Kameha-Airport.jpg\",\"datePublished\":\"2024-10-20T18:57:40+00:00\",\"dateModified\":\"2026-01-14T07:21:16+00:00\",\"breadcrumb\":{\"@id\":\"https:\/\/shuttle2.amrlimo.ch\/de\/ticket\/einfache-fahrkarte#breadcrumb\"},\"inLanguage\":\"de\",\"potentialAction\":[{\"@type\":\"ReadAction\",\"target\":[\"https:\/\/shuttle2.amrlimo.ch\/de\/ticket\/einfache-fahrkarte\"]}]},{\"@type\":\"ImageObject\",\"inLanguage\":\"de\",\"@id\":\"https:\/\/shuttle2.amrlimo.ch\/de\/ticket\/einfache-fahrkarte#primaryimage\",\"url\":\"https:\/\/shuttle2.amrlimo.ch\/wp-content\/uploads\/Kameha-Airport.jpg\",\"contentUrl\":\"https:\/\/shuttle2.amrlimo.ch\/wp-content\/uploads\/Kameha-Airport.jpg\",\"width\":1063,\"height\":709},{\"@type\":\"BreadcrumbList\",\"@id\":\"https:\/\/shuttle2.amrlimo.ch\/de\/ticket\/einfache-fahrkarte#breadcrumb\",\"itemListElement\":[{\"@type\":\"ListItem\",\"position\":1,\"name\":\"Startseite\",\"item\":\"https:\/\/shuttle2.amrlimo.ch\/de\"},{\"@type\":\"ListItem\",\"position\":2,\"name\":\"Shop\",\"item\":\"https:\/\/shuttle2.amrlimo.ch\/shop\"},{\"@type\":\"ListItem\",\"position\":3,\"name\":\"Einfache Fahrkarte\"}]},{\"@type\":\"WebSite\",\"@id\":\"https:\/\/shuttle2.amrlimo.ch\/de#website\",\"url\":\"https:\/\/shuttle2.amrlimo.ch\/de\",\"name\":\"AMR Limo GmbH\",\"description\":\"Shuttle Service operated by AMR\",\"publisher\":{\"@id\":\"https:\/\/shuttle2.amrlimo.ch\/de#organization\"},\"potentialAction\":[{\"@type\":\"SearchAction\",\"target\":{\"@type\":\"EntryPoint\",\"urlTemplate\":\"https:\/\/shuttle2.amrlimo.ch\/de?s={search_term_string}\"},\"query-input\":{\"@type\":\"PropertyValueSpecification\",\"valueRequired\":true,\"valueName\":\"search_term_string\"}}],\"inLanguage\":\"de\"},{\"@type\":\"Organization\",\"@id\":\"https:\/\/shuttle2.amrlimo.ch\/de#organization\",\"name\":\"AMR Limo GmbH\",\"url\":\"https:\/\/shuttle2.amrlimo.ch\/de\",\"logo\":{\"@type\":\"ImageObject\",\"inLanguage\":\"de\",\"@id\":\"https:\/\/shuttle2.amrlimo.ch\/de#\/schema\/logo\/image\/\",\"url\":\"https:\/\/shuttle2.amrlimo.ch\/wp-content\/uploads\/images-invoce.png\",\"contentUrl\":\"https:\/\/shuttle2.amrlimo.ch\/wp-content\/uploads\/images-invoce.png\",\"width\":313,\"height\":109,\"caption\":\"AMR Limo GmbH\"},\"image\":{\"@id\":\"https:\/\/shuttle2.amrlimo.ch\/de#\/schema\/logo\/image\/\"},\"sameAs\":[\"https:\/\/www.facebook.com\/amrlimo.ch\/\",\"https:\/\/www.linkedin.com\/in\/ghulam-malik-12062185\/\"]}]}<\/script>\n<!-- \/ Yoast SEO plugin. -->","yoast_head_json":{"title":"Einfache Fahrkarte - Kameha Airport Shuttle","robots":{"index":"index","follow":"follow","max-snippet":"max-snippet:-1","max-image-preview":"max-image-preview:large","max-video-preview":"max-video-preview:-1"},"canonical":"https:\/\/shuttle2.amrlimo.ch\/de\/ticket\/einfache-fahrkarte","og_locale":"de_DE","og_type":"article","og_title":"Einfache Fahrkarte - Kameha Airport Shuttle","og_description":"Shuttlebus-Abholung:   am Hotel-Haupteingang  am Flughafen auf der Randspur bei Ankunft 1  Jeder Transfer erfordert ein separates Ticket","og_url":"https:\/\/shuttle2.amrlimo.ch\/de\/ticket\/einfache-fahrkarte","og_site_name":"Kameha Airport Shuttle","article_publisher":"https:\/\/www.facebook.com\/amrlimo.ch\/","article_modified_time":"2026-01-14T07:21:16+00:00","og_image":[{"width":1063,"height":709,"url":"https:\/\/shuttle2.amrlimo.ch\/wp-content\/uploads\/Kameha-Airport.jpg","type":"image\/jpeg"}],"twitter_card":"summary_large_image","twitter_misc":{"Gesch\u00e4tzte Lesezeit":"1\u00a0Minute"},"schema":{"@context":"https:\/\/schema.org","@graph":[{"@type":"WebPage","@id":"https:\/\/shuttle2.amrlimo.ch\/de\/ticket\/einfache-fahrkarte","url":"https:\/\/shuttle2.amrlimo.ch\/de\/ticket\/einfache-fahrkarte","name":"Einfache Fahrkarte - Kameha Airport Shuttle","isPartOf":{"@id":"https:\/\/shuttle2.amrlimo.ch\/de#website"},"primaryImageOfPage":{"@id":"https:\/\/shuttle2.amrlimo.ch\/de\/ticket\/einfache-fahrkarte#primaryimage"},"image":{"@id":"https:\/\/shuttle2.amrlimo.ch\/de\/ticket\/einfache-fahrkarte#primaryimage"},"thumbnailUrl":"https:\/\/shuttle2.amrlimo.ch\/wp-content\/uploads\/Kameha-Airport.jpg","datePublished":"2024-10-20T18:57:40+00:00","dateModified":"2026-01-14T07:21:16+00:00","breadcrumb":{"@id":"https:\/\/shuttle2.amrlimo.ch\/de\/ticket\/einfache-fahrkarte#breadcrumb"},"inLanguage":"de","potentialAction":[{"@type":"ReadAction","target":["https:\/\/shuttle2.amrlimo.ch\/de\/ticket\/einfache-fahrkarte"]}]},{"@type":"ImageObject","inLanguage":"de","@id":"https:\/\/shuttle2.amrlimo.ch\/de\/ticket\/einfache-fahrkarte#primaryimage","url":"https:\/\/shuttle2.amrlimo.ch\/wp-content\/uploads\/Kameha-Airport.jpg","contentUrl":"https:\/\/shuttle2.amrlimo.ch\/wp-content\/uploads\/Kameha-Airport.jpg","width":1063,"height":709},{"@type":"BreadcrumbList","@id":"https:\/\/shuttle2.amrlimo.ch\/de\/ticket\/einfache-fahrkarte#breadcrumb","itemListElement":[{"@type":"ListItem","position":1,"name":"Startseite","item":"https:\/\/shuttle2.amrlimo.ch\/de"},{"@type":"ListItem","position":2,"name":"Shop","item":"https:\/\/shuttle2.amrlimo.ch\/shop"},{"@type":"ListItem","position":3,"name":"Einfache Fahrkarte"}]},{"@type":"WebSite","@id":"https:\/\/shuttle2.amrlimo.ch\/de#website","url":"https:\/\/shuttle2.amrlimo.ch\/de","name":"AMR Limo GmbH","description":"Shuttle Service operated by AMR","publisher":{"@id":"https:\/\/shuttle2.amrlimo.ch\/de#organization"},"potentialAction":[{"@type":"SearchAction","target":{"@type":"EntryPoint","urlTemplate":"https:\/\/shuttle2.amrlimo.ch\/de?s={search_term_string}"},"query-input":{"@type":"PropertyValueSpecification","valueRequired":true,"valueName":"search_term_string"}}],"inLanguage":"de"},{"@type":"Organization","@id":"https:\/\/shuttle2.amrlimo.ch\/de#organization","name":"AMR Limo GmbH","url":"https:\/\/shuttle2.amrlimo.ch\/de","logo":{"@type":"ImageObject","inLanguage":"de","@id":"https:\/\/shuttle2.amrlimo.ch\/de#\/schema\/logo\/image\/","url":"https:\/\/shuttle2.amrlimo.ch\/wp-content\/uploads\/images-invoce.png","contentUrl":"https:\/\/shuttle2.amrlimo.ch\/wp-content\/uploads\/images-invoce.png","width":313,"height":109,"caption":"AMR Limo GmbH"},"image":{"@id":"https:\/\/shuttle2.amrlimo.ch\/de#\/schema\/logo\/image\/"},"sameAs":["https:\/\/www.facebook.com\/amrlimo.ch\/","https:\/\/www.linkedin.com\/in\/ghulam-malik-12062185\/"]}]}},"_links":{"self":[{"href":"https:\/\/shuttle2.amrlimo.ch\/de\/wp-json\/wp\/v2\/product\/27836","targetHints":{"allow":["GET"]}}],"collection":[{"href":"https:\/\/shuttle2.amrlimo.ch\/de\/wp-json\/wp\/v2\/product"}],"about":[{"href":"https:\/\/shuttle2.amrlimo.ch\/de\/wp-json\/wp\/v2\/types\/product"}],"version-history":[{"count":0,"href":"https:\/\/shuttle2.amrlimo.ch\/de\/wp-json\/wp\/v2\/product\/27836\/revisions"}],"wp:featuredmedia":[{"embeddable":true,"href":"https:\/\/shuttle2.amrlimo.ch\/de\/wp-json\/wp\/v2\/media\/105741"}],"wp:attachment":[{"href":"https:\/\/shuttle2.amrlimo.ch\/de\/wp-json\/wp\/v2\/media?parent=27836"}],"wp:term":[{"taxonomy":"product_brand","embeddable":true,"href":"https:\/\/shuttle2.amrlimo.ch\/de\/wp-json\/wp\/v2\/product_brand?post=27836"},{"taxonomy":"product_cat","embeddable":true,"href":"https:\/\/shuttle2.amrlimo.ch\/de\/wp-json\/wp\/v2\/product_cat?post=27836"},{"taxonomy":"product_tag","embeddable":true,"href":"https:\/\/shuttle2.amrlimo.ch\/de\/wp-json\/wp\/v2\/product_tag?post=27836"}],"curies":[{"name":"wp","href":"https:\/\/api.w.org\/{rel}","templated":true}]}}