{"id":3,"date":"2024-11-23T05:09:50","date_gmt":"2024-11-23T04:09:50","guid":{"rendered":"http:\/\/babylade.ch\/?page_id=3"},"modified":"2025-05-17T03:39:22","modified_gmt":"2025-05-17T01:39:22","slug":"datenschutzerklaerung","status":"publish","type":"page","link":"https:\/\/shuttle2.amrlimo.ch\/de\/datenschutzerklaerung","title":{"rendered":"Datenschutzerkl\u00e4rung"},"content":{"rendered":"\t\t<div data-elementor-type=\"wp-page\" data-elementor-id=\"3\" class=\"elementor elementor-3\">\n\t\t\t\t<div class=\"wd-negative-gap elementor-element elementor-element-5a6ab5e e-flex e-con-boxed e-con e-parent\" data-id=\"5a6ab5e\" data-element_type=\"container\">\n\t\t\t\t\t<div class=\"e-con-inner\">\n\t\t\t\t<div class=\"elementor-element elementor-element-72f86ae wd-width-100 elementor-widget elementor-widget-wd_title\" data-id=\"72f86ae\" data-element_type=\"widget\" data-widget_type=\"wd_title.default\">\n\t\t\t\t<div class=\"elementor-widget-container\">\n\t\t\t\t\t\t\t<div class=\"title-wrapper set-mb-s reset-last-child wd-title-color-primary wd-title-style-default wd-title-size-large text-left\">\n\n\t\t\t\n\t\t\t<div class=\"liner-continer\">\n\t\t\t\t<h2 class=\"woodmart-title-container title wd-fontsize-xxl\">Datenschutz von AMR Limo GmbH<\/h2> \n\t\t\t\t\t\t\t<\/div>\n\n\t\t\t\t\t<\/div>\n\t\t\t\t\t\t<\/div>\n\t\t\t\t<\/div>\n\t\t\t\t\t<\/div>\n\t\t\t\t<\/div>\n\t\t<div class=\"wd-negative-gap elementor-element elementor-element-f09325c e-grid e-con-boxed e-con e-parent\" data-id=\"f09325c\" data-element_type=\"container\">\n\t\t\t\t\t<div class=\"e-con-inner\">\n\t\t\t\t<div class=\"elementor-element elementor-element-801cb22 elementor-widget elementor-widget-wd_text_block\" data-id=\"801cb22\" data-element_type=\"widget\" data-widget_type=\"wd_text_block.default\">\n\t\t\t\t<div class=\"elementor-widget-container\">\n\t\t\t\t\t\t\t<div class=\"wd-text-block reset-last-child text-left\">\n\t\t\t\n\t\t\t<p><strong>AMR Travel &amp; Limousine &amp; Bus Service 24h VIP<\/strong><br \/>Embassy \u2013 Business \u2013 Tourists \u2013 Private Services<\/p>\n\t\t\t\t\t<\/div>\n\t\t\t\t\t\t<\/div>\n\t\t\t\t<\/div>\n\t\t\t\t\t<\/div>\n\t\t\t\t<\/div>\n\t\t<div class=\"wd-negative-gap elementor-element elementor-element-e9076ca e-grid e-con-boxed e-con e-parent\" data-id=\"e9076ca\" data-element_type=\"container\">\n\t\t\t\t\t<div class=\"e-con-inner\">\n\t\t\t\t<div class=\"elementor-element elementor-element-ada11ef elementor-widget elementor-widget-wd_text_block\" data-id=\"ada11ef\" data-element_type=\"widget\" data-widget_type=\"wd_text_block.default\">\n\t\t\t\t<div class=\"elementor-widget-container\">\n\t\t\t\t\t\t\t<div class=\"wd-text-block reset-last-child text-left\">\n\t\t\t\n\t\t\t<h3>Anschrift<\/h3><p>Thurgauerstrasse 117<br \/>8152 Glattpark<br \/>Zurich Airport<br \/>Switzerland<\/p><p><strong>Tel. B\u00fcro<\/strong>: 044 599 66 90<br \/><strong>E-Mail<\/strong>: vip@amrlimo.ch<\/p><p>Unsere Website ist: <a href=\"https:\/\/shuttle2.amrlimo.ch\/\">shuttle2.amrlimo.ch<\/a><\/p>\n\t\t\t\t\t<\/div>\n\t\t\t\t\t\t<\/div>\n\t\t\t\t<\/div>\n\t\t\t\t<div class=\"elementor-element elementor-element-eaf7235 elementor-widget elementor-widget-wd_text_block\" data-id=\"eaf7235\" data-element_type=\"widget\" data-widget_type=\"wd_text_block.default\">\n\t\t\t\t<div class=\"elementor-widget-container\">\n\t\t\t\t\t\t\t<div class=\"wd-text-block reset-last-child text-left\">\n\t\t\t\n\t\t\t<h3>Rechtliche Angaben<\/h3><p><strong>Gesch\u00e4ftsf\u00fchrung<\/strong><br \/>Ghulam Abbas Malik<\/p><p><strong>Handelsregisternummer<\/strong><br \/>CH-020.4.037.900-1<\/p><p><strong>Verantwortlich f\u00fcr den Inhalt<\/strong><br \/>G. Malik, B. Brunner<\/p>\n\t\t\t\t\t<\/div>\n\t\t\t\t\t\t<\/div>\n\t\t\t\t<\/div>\n\t\t\t\t\t<\/div>\n\t\t\t\t<\/div>\n\t\t<div class=\"wd-negative-gap elementor-element elementor-element-d448ea3 e-flex e-con-boxed e-con e-parent\" data-id=\"d448ea3\" data-element_type=\"container\">\n\t\t\t\t\t<div class=\"e-con-inner\">\n\t\t\t\t<div class=\"elementor-element elementor-element-5504f7c elementor-widget elementor-widget-wd_text_block\" data-id=\"5504f7c\" data-element_type=\"widget\" data-widget_type=\"wd_text_block.default\">\n\t\t\t\t<div class=\"elementor-widget-container\">\n\t\t\t\t\t\t\t<div class=\"wd-text-block reset-last-child text-left\">\n\t\t\t\n\t\t\t<h3>Zweck<\/h3><p>AMR Limo GmbH freut sich \u00fcber Ihren Besuch auf einer unserer Websites shuttle2.amrlimo.ch und Ihr Interesse an unserem Unternehmen und unseren Dienstleistungen. Der Schutz Ihrer personenbezogenen Daten bei der Verarbeitung w\u00e4hrend des gesamten Gesch\u00e4ftsprozesses ist f\u00fcr uns ein wichtiges Anliegen, und wir m\u00f6chten, dass Sie sich beim Besuch unserer Internetseiten sicher f\u00fchlen. Im Folgenden erl\u00e4utern wir, welche Informationen wir w\u00e4hrend Ihres Besuches auf unseren Webseiten erfassen und wie diese genutzt werden.<\/p>\n\t\t\t\t\t<\/div>\n\t\t\t\t\t\t<\/div>\n\t\t\t\t<\/div>\n\t\t\t\t<div class=\"elementor-element elementor-element-53fc4da elementor-widget elementor-widget-wd_text_block\" data-id=\"53fc4da\" data-element_type=\"widget\" data-widget_type=\"wd_text_block.default\">\n\t\t\t\t<div class=\"elementor-widget-container\">\n\t\t\t\t\t\t\t<div class=\"wd-text-block reset-last-child text-left\">\n\t\t\t\n\t\t\t<h3>Personenbezogene Daten<\/h3>\nPersonenbezogene Daten sind Einzelangaben \u00fcber pers\u00f6nliche oder sachliche Verh\u00e4ltnisse einer bestimmten oder bestimmbaren nat\u00fcrlichen Person. Darunter fallen Informationen wie z.B. Ihr richtiger Name, Ihre Anschrift, Ihre Telefonnummer und Ihr Geburtsdatum. Informationen, die nicht direkt mit Ihrer wirklichen Identit\u00e4t in Verbindung gebracht werden sind keine personenbezogenen Daten.\n\t\t\t\t\t<\/div>\n\t\t\t\t\t\t<\/div>\n\t\t\t\t<\/div>\n\t\t\t\t<div class=\"elementor-element elementor-element-81efd30 elementor-widget elementor-widget-wd_text_block\" data-id=\"81efd30\" data-element_type=\"widget\" data-widget_type=\"wd_text_block.default\">\n\t\t\t\t<div class=\"elementor-widget-container\">\n\t\t\t\t\t\t\t<div class=\"wd-text-block reset-last-child text-left\">\n\t\t\t\n\t\t\t<h3>Erhebung und Verarbeitung von personenbezogenen Daten<\/h3>\nWenn Sie unsere Webseiten besuchen, speichern unsere Webserver standardm\u00e4ssig tempor\u00e4r die Verbindungsdaten des anfragenden Rechners, die Webseiten, die Sie bei uns besuchen, das Datum und die Dauer des Besuches, die Erkennungsdaten des verwendeten Browser- und Betriebssystem-Typs sowie die Webseite, von der aus Sie uns besuchen. Dar\u00fcber hinausgehende personenbezogene Angaben wie Ihr Name, Ihre Anschrift, Telefonnummer oder E-Mail-Adresse werden nicht erfasst, es sei denn, diese Angaben werden von Ihnen freiwillig gemacht, beispielsweise im Rahmen einer Anmeldung, einer Umfrage, zur Durchf\u00fchrung eines Vertrages oder einer Informationsanfrage.\n\t\t\t\t\t<\/div>\n\t\t\t\t\t\t<\/div>\n\t\t\t\t<\/div>\n\t\t\t\t<div class=\"elementor-element elementor-element-0e4457b elementor-widget elementor-widget-wd_text_block\" data-id=\"0e4457b\" data-element_type=\"widget\" data-widget_type=\"wd_text_block.default\">\n\t\t\t\t<div class=\"elementor-widget-container\">\n\t\t\t\t\t\t\t<div class=\"wd-text-block reset-last-child text-left\">\n\t\t\t\n\t\t\t<h3>Kontaktformulare<\/h3><p>Wenn Sie uns per Kontaktformular Anfragen zukommen lassen, werden Ihre Angaben aus dem Anfrageformular \/ Buchungsformular inklusive der von Ihnen dort angegebenen Kontaktdaten zwecks Bearbeitung der Anfrage und f\u00fcr den Fall von Anschlussfragen bei uns gespeichert. Diese Daten geben wir nicht ohne Ihre Einwilligung weiter.<\/p><p>Die von Ihnen im Kontaktformular eingegebenen Daten verbleiben bei uns, bis Sie uns zur L\u00f6schung auffordern, Ihre Einwilligung zur Speicherung widerrufen oder der Zweck f\u00fcr die Datenspeicherung entf\u00e4llt (z.B. nach abgeschlossener Bearbeitung Ihrer Anfrage). Zwingende gesetzliche Bestimmungen \u2013 insbesondere Aufbewahrungsfristen \u2013 bleiben unber\u00fchrt.<\/p>\n\t\t\t\t\t<\/div>\n\t\t\t\t\t\t<\/div>\n\t\t\t\t<\/div>\n\t\t\t\t<div class=\"elementor-element elementor-element-f0204ea elementor-widget elementor-widget-wd_text_block\" data-id=\"f0204ea\" data-element_type=\"widget\" data-widget_type=\"wd_text_block.default\">\n\t\t\t\t<div class=\"elementor-widget-container\">\n\t\t\t\t\t\t\t<div class=\"wd-text-block reset-last-child text-left\">\n\t\t\t\n\t\t\t<h3>Nutzung und Weitergabe der personenbezogenen Daten<\/h3><p>Die von Ihnen zur Verf\u00fcgung gestellten personenbezogenen Daten verwenden wir ausschliesslich zum Zweck der technischen Administration der Webseiten und zur Erf\u00fcllung Ihrer W\u00fcnsche und Anforderungen, also in der Regel zur Abwicklung des mit Ihnen geschlossenen Vertrages oder zur Beantwortung Ihrer Anfrage. Wenn Sie uns zuvor Ihre Einwilligung erteilt haben bzw. wenn Sie \u2013 soweit gesetzliche Regelungen dies vorsehen \u2013 keinen Widerspruch eingelegt haben bzw. in einer gesch\u00e4ftlichen Beziehung zu shuttle2.amrlimo.ch stehen, nutzen wir diese Daten auch f\u00fcr Newsletter-Versand und eigene Marketingzwecke. Eine Weitergabe, ein Verkauf oder eine sonstige \u00dcbermittlung Ihrer personenbezogenen Daten an Dritte erfolgt nicht, es sei denn, dass dies zum Zwecke der Vertragsabwicklung erforderlich ist oder Sie ausdr\u00fccklich eingewilligt haben.<\/p>\n\t\t\t\t\t<\/div>\n\t\t\t\t\t\t<\/div>\n\t\t\t\t<\/div>\n\t\t\t\t<div class=\"elementor-element elementor-element-4498db9 elementor-widget elementor-widget-wd_text_block\" data-id=\"4498db9\" data-element_type=\"widget\" data-widget_type=\"wd_text_block.default\">\n\t\t\t\t<div class=\"elementor-widget-container\">\n\t\t\t\t\t\t\t<div class=\"wd-text-block reset-last-child text-left\">\n\t\t\t\n\t\t\t<h3>Einsatz von Cookies<\/h3>\nAuf unseren Webseiten verwenden wir in der Regel keine Cookies. Nur in Ausnahmef\u00e4llen werden so genannte Session-Cookies eingesetzt, die Daten zur technischen Sitzungssteuerung im Speicher Ihres Browsers ablegen. Diese Daten sind nicht personenbezogen. Des Weiteren weisen wir darauf hin, dass in jeder g\u00e4ngigen Browsersoftware i.d.R. Funktionen zur Verwaltung bzw. Deaktivierung von Cookies zur Verf\u00fcgung stehen.\n\t\t\t\t\t<\/div>\n\t\t\t\t\t\t<\/div>\n\t\t\t\t<\/div>\n\t\t\t\t<div class=\"elementor-element elementor-element-0a619e8 elementor-widget elementor-widget-wd_text_block\" data-id=\"0a619e8\" data-element_type=\"widget\" data-widget_type=\"wd_text_block.default\">\n\t\t\t\t<div class=\"elementor-widget-container\">\n\t\t\t\t\t\t\t<div class=\"wd-text-block reset-last-child text-left\">\n\t\t\t\n\t\t\t<h3>Einsatz von Google Analytics<\/h3>\nDiese Website benutzt Google Analytics, einen Webanalysedienst der Google Inc., um eine Analyse der Benutzung der Website zu erm\u00f6glichen. Wir haben den Einsatz von Google Analytics nach den Vorgaben des Hamburgischen Beauftragten f\u00fcr Datenschutz optimiert, so u.a. durch K\u00fcrzung\/Anonymisierung der IP-Adressen der Nutzer und Abschluss eines Auftragsdaten-Vertrags mit Google. Die durch den Einsatz von Google Analytics erzeugten Informationen \u00fcber Ihre Nutzung dieser Website, werden an einen Server der Google Inc. in den USA \u00fcbertragen und dort w\u00e4hrend 12 Monaten gespeichert. Google wird die erfassten Informationen lediglich dazu verwenden, die Nutzung der Website zu analysieren, indem anonymisierte Auswertungen und Grafiken zur Anzahl der Besuche, Anzahl der pro Nutzer aufgerufenen Seiten usw. erstellt werden. Diese setzen wir ausschliesslich zu Zwecken der eigenen Marktforschung und vor allem der Optimierung und bedarfsgerechten Gestaltung unserer Webseiten ein. Falls Sie die Erfassung \/ Verarbeitung Ihrer Daten durch Google Analytics generell nicht w\u00fcnschen, k\u00f6nnen Sie diese auf den Websites von Google unter http:\/\/tools.google.com\/dlpage\/gaoptout?hl=de durch Aktivierung eines Add-Ons f\u00fcr Ihren Browser unterbinden. Mehr Informationen zur von Google eingesetzten Technologie finden sie unter www.google.com\/analytics.\n\t\t\t\t\t<\/div>\n\t\t\t\t\t\t<\/div>\n\t\t\t\t<\/div>\n\t\t\t\t<div class=\"elementor-element elementor-element-27fea4d elementor-widget elementor-widget-wd_text_block\" data-id=\"27fea4d\" data-element_type=\"widget\" data-widget_type=\"wd_text_block.default\">\n\t\t\t\t<div class=\"elementor-widget-container\">\n\t\t\t\t\t\t\t<div class=\"wd-text-block reset-last-child text-left\">\n\t\t\t\n\t\t\t<h3>Facebook Social Plugins<\/h3>\nAuf unseren Webseiten verwenden wir Social Plugins (im Folgenden: \u201ePlugins\u201c) des sozialen Netzwerks www.facebook.com, das von der Facebook Inc., USA, bzw. Facebook Ireland Ltd., Irland, betrieben wird (im Folgenden: \u201eFacebook\u201c). Die Plugins sind erkennbar an einem Facebook-Logo. Rufen Sie eine Webseite auf, die ein solches Plugin enth\u00e4lt, baut Ihr Browser eine direkte Verbindung mit den Servern von Facebook auf. Der Inhalt des Plugins wird von Facebook direkt an Ihren Browser \u00fcbermittelt und von diesem in die Webseite eingebunden. Durch die Einbindung der Plugins wird Facebook dar\u00fcber informiert, dass Sie die entsprechende Webseite aufgerufen haben. Sind Sie bei Facebook eingeloggt, kann Facebook den Besuch Ihrem Facebook-Konto zuordnen. Wenn Sie mit den Plugins interagieren, zum Beispiel den \u201eGef\u00e4llt mir\u201c-Button bet\u00e4tigen oder einen Kommentar abgeben, wird die entsprechende Information von Ihrem Browser direkt an Facebook \u00fcbermittelt und dort gespeichert. Wollen Sie vermeiden, dass Facebook \u00fcber eine Webseite, die ein Plugin enth\u00e4lt, solche Daten \u00fcber Sie sammelt, m\u00fcssen Sie sich vor dem Aufruf der entsprechenden Webseite bei Facebook ausloggen. Zweck und Umfang der Datenerhebung und die weitere Verarbeitung und Nutzung der Daten durch Facebook sowie Rechte und Einstellungsm\u00f6glichkeiten zum Schutz Ihrer Privatsph\u00e4re entnehmen Sie im \u00fcbrigen bitte den Facebook-Datenschutzrichtlinien.\n\t\t\t\t\t<\/div>\n\t\t\t\t\t\t<\/div>\n\t\t\t\t<\/div>\n\t\t\t\t<div class=\"elementor-element elementor-element-3c4c6c2 elementor-widget elementor-widget-wd_text_block\" data-id=\"3c4c6c2\" data-element_type=\"widget\" data-widget_type=\"wd_text_block.default\">\n\t\t\t\t<div class=\"elementor-widget-container\">\n\t\t\t\t\t\t\t<div class=\"wd-text-block reset-last-child text-left\">\n\t\t\t\n\t\t\t<h3>Social Plugins von Google, Twitter, etc<\/h3>\nAuf unseren Webseiten verwenden wir dar\u00fcber hinaus Social Plugins anderer Anbieter wie twitter, LinkedIn, XING und Google. Art und Umfang der hierbei ggf. \u00fcbertragenen Daten entnehmen Sie bitte den Hinweisen der entsprechenden Anbieter auf https:\/\/privacy.xing.com\/de, https:\/\/www.linkedin.com\/legal\/privacy-policy?trk=uno-reg-guest-home-privacy-policy, www.twitter.com, und (f\u00fcr die Google-Funktion \u201epublicly +1\u201c) auf http:\/\/www.google.de\/intl\/de\/privacy\/plusone..\n\t\t\t\t\t<\/div>\n\t\t\t\t\t\t<\/div>\n\t\t\t\t<\/div>\n\t\t\t\t<div class=\"elementor-element elementor-element-b7b4475 elementor-widget elementor-widget-wd_text_block\" data-id=\"b7b4475\" data-element_type=\"widget\" data-widget_type=\"wd_text_block.default\">\n\t\t\t\t<div class=\"elementor-widget-container\">\n\t\t\t\t\t\t\t<div class=\"wd-text-block reset-last-child text-left\">\n\t\t\t\n\t\t\t<h3>Sicherheit<\/h3><p>AMR Limo GmbH trifft alle notwendigen technischen und organisatorischen Sicherheitsmassnahmen, um Ihre personenbezogenen Daten vor Verlust und Missbrauch zu sch\u00fctzen. So werden Ihre Daten in einer sicheren Betriebsumgebung gespeichert, die der \u00d6ffentlichkeit nicht zug\u00e4nglich ist. Ihre personenbezogenen Daten werden bei der \u00dcbermittlung durch die so genannte Secure Socket Layer-Technologie (SSL) verschl\u00fcsselt. Das bedeutet, dass die Kommunikation zwischen Ihrem Computer und unseren Servern unter Einsatz eines anerkannten Verschl\u00fcsselungsverfahrens erfolgt, wenn Ihr Browser SSL unterst\u00fctzt. Auf schriftliche Anfrage werden Sie selbstverst\u00e4ndlich von uns dar\u00fcber informiert, welche Daten wir \u00fcber Ihre Person (z.B. Name, Adresse) gespeichert haben.<\/p>\n\t\t\t\t\t<\/div>\n\t\t\t\t\t\t<\/div>\n\t\t\t\t<\/div>\n\t\t\t\t<div class=\"elementor-element elementor-element-fa1d563 elementor-widget elementor-widget-wd_text_block\" data-id=\"fa1d563\" data-element_type=\"widget\" data-widget_type=\"wd_text_block.default\">\n\t\t\t\t<div class=\"elementor-widget-container\">\n\t\t\t\t\t\t\t<div class=\"wd-text-block reset-last-child text-left\">\n\t\t\t\n\t\t\t<h3>Auskunftsrecht<\/h3>\nAuf schriftliche Anfrage werden wir Sie gern \u00fcber die zu Ihrer Person (z.B. Name, Adresse) gespeicherten Daten informieren.\n\t\t\t\t\t<\/div>\n\t\t\t\t\t\t<\/div>\n\t\t\t\t<\/div>\n\t\t\t\t<div class=\"elementor-element elementor-element-a0727d0 elementor-widget elementor-widget-wd_text_block\" data-id=\"a0727d0\" data-element_type=\"widget\" data-widget_type=\"wd_text_block.default\">\n\t\t\t\t<div class=\"elementor-widget-container\">\n\t\t\t\t\t\t\t<div class=\"wd-text-block reset-last-child text-left\">\n\t\t\t\n\t\t\tBei weiteren Fragen k\u00f6nnen Sie uns gerne kontaktieren.\n\t\t\t\t\t<\/div>\n\t\t\t\t\t\t<\/div>\n\t\t\t\t<\/div>\n\t\t\t\t\t<\/div>\n\t\t\t\t<\/div>\n\t\t\t\t<\/div>\n\t\t","protected":false},"excerpt":{"rendered":"<p>Datenschutz von AMR Limo GmbH AMR Travel &amp; Limousine &amp; Bus Service 24h VIP Embassy \u2013 Business \u2013 Tourists \u2013<\/p>\n","protected":false},"author":1,"featured_media":0,"parent":0,"menu_order":0,"comment_status":"closed","ping_status":"closed","template":"","meta":{"footnotes":""},"class_list":["post-3","page","type-page","status-publish","hentry"],"yoast_head":"<!-- This site is optimized with the Yoast SEO plugin v26.7 - https:\/\/yoast.com\/wordpress\/plugins\/seo\/ -->\n<title>Datenschutzerkl\u00e4rung - Kameha Airport Shuttle<\/title>\n<meta name=\"robots\" content=\"index, follow, max-snippet:-1, max-image-preview:large, max-video-preview:-1\" \/>\n<link rel=\"canonical\" href=\"https:\/\/shuttle2.amrlimo.ch\/de\/datenschutzerklaerung\" \/>\n<meta property=\"og:locale\" content=\"de_DE\" \/>\n<meta property=\"og:type\" content=\"article\" \/>\n<meta property=\"og:title\" content=\"Datenschutzerkl\u00e4rung - Kameha Airport Shuttle\" \/>\n<meta property=\"og:description\" content=\"Datenschutz von AMR Limo GmbH AMR Travel &amp; Limousine &amp; Bus Service 24h VIP Embassy \u2013 Business \u2013 Tourists \u2013\" \/>\n<meta property=\"og:url\" content=\"https:\/\/shuttle2.amrlimo.ch\/de\/datenschutzerklaerung\" \/>\n<meta property=\"og:site_name\" content=\"Kameha Airport Shuttle\" \/>\n<meta property=\"article:publisher\" content=\"https:\/\/www.facebook.com\/amrlimo.ch\/\" \/>\n<meta property=\"article:modified_time\" content=\"2025-05-17T01:39:22+00:00\" \/>\n<meta name=\"twitter:card\" content=\"summary_large_image\" \/>\n<meta name=\"twitter:label1\" content=\"Gesch\u00e4tzte Lesezeit\" \/>\n\t<meta name=\"twitter:data1\" content=\"6\u00a0Minuten\" \/>\n<script type=\"application\/ld+json\" class=\"yoast-schema-graph\">{\"@context\":\"https:\/\/schema.org\",\"@graph\":[{\"@type\":\"WebPage\",\"@id\":\"https:\/\/shuttle2.amrlimo.ch\/de\/datenschutzerklaerung\",\"url\":\"https:\/\/shuttle2.amrlimo.ch\/de\/datenschutzerklaerung\",\"name\":\"Datenschutzerkl\u00e4rung - Kameha Airport Shuttle\",\"isPartOf\":{\"@id\":\"https:\/\/shuttle2.amrlimo.ch\/de#website\"},\"datePublished\":\"2024-11-23T04:09:50+00:00\",\"dateModified\":\"2025-05-17T01:39:22+00:00\",\"breadcrumb\":{\"@id\":\"https:\/\/shuttle2.amrlimo.ch\/de\/datenschutzerklaerung#breadcrumb\"},\"inLanguage\":\"de\",\"potentialAction\":[{\"@type\":\"ReadAction\",\"target\":[\"https:\/\/shuttle2.amrlimo.ch\/de\/datenschutzerklaerung\"]}]},{\"@type\":\"BreadcrumbList\",\"@id\":\"https:\/\/shuttle2.amrlimo.ch\/de\/datenschutzerklaerung#breadcrumb\",\"itemListElement\":[{\"@type\":\"ListItem\",\"position\":1,\"name\":\"Startseite\",\"item\":\"https:\/\/shuttle2.amrlimo.ch\/de\"},{\"@type\":\"ListItem\",\"position\":2,\"name\":\"Datenschutzerkl\u00e4rung\"}]},{\"@type\":\"WebSite\",\"@id\":\"https:\/\/shuttle2.amrlimo.ch\/de#website\",\"url\":\"https:\/\/shuttle2.amrlimo.ch\/de\",\"name\":\"AMR Limo GmbH\",\"description\":\"Shuttle Service operated by AMR\",\"publisher\":{\"@id\":\"https:\/\/shuttle2.amrlimo.ch\/de#organization\"},\"potentialAction\":[{\"@type\":\"SearchAction\",\"target\":{\"@type\":\"EntryPoint\",\"urlTemplate\":\"https:\/\/shuttle2.amrlimo.ch\/de?s={search_term_string}\"},\"query-input\":{\"@type\":\"PropertyValueSpecification\",\"valueRequired\":true,\"valueName\":\"search_term_string\"}}],\"inLanguage\":\"de\"},{\"@type\":\"Organization\",\"@id\":\"https:\/\/shuttle2.amrlimo.ch\/de#organization\",\"name\":\"AMR Limo GmbH\",\"url\":\"https:\/\/shuttle2.amrlimo.ch\/de\",\"logo\":{\"@type\":\"ImageObject\",\"inLanguage\":\"de\",\"@id\":\"https:\/\/shuttle2.amrlimo.ch\/de#\/schema\/logo\/image\/\",\"url\":\"https:\/\/shuttle2.amrlimo.ch\/wp-content\/uploads\/images-invoce.png\",\"contentUrl\":\"https:\/\/shuttle2.amrlimo.ch\/wp-content\/uploads\/images-invoce.png\",\"width\":313,\"height\":109,\"caption\":\"AMR Limo GmbH\"},\"image\":{\"@id\":\"https:\/\/shuttle2.amrlimo.ch\/de#\/schema\/logo\/image\/\"},\"sameAs\":[\"https:\/\/www.facebook.com\/amrlimo.ch\/\",\"https:\/\/www.linkedin.com\/in\/ghulam-malik-12062185\/\"]}]}<\/script>\n<!-- \/ Yoast SEO plugin. -->","yoast_head_json":{"title":"Datenschutzerkl\u00e4rung - Kameha Airport Shuttle","robots":{"index":"index","follow":"follow","max-snippet":"max-snippet:-1","max-image-preview":"max-image-preview:large","max-video-preview":"max-video-preview:-1"},"canonical":"https:\/\/shuttle2.amrlimo.ch\/de\/datenschutzerklaerung","og_locale":"de_DE","og_type":"article","og_title":"Datenschutzerkl\u00e4rung - Kameha Airport Shuttle","og_description":"Datenschutz von AMR Limo GmbH AMR Travel &amp; Limousine &amp; Bus Service 24h VIP Embassy \u2013 Business \u2013 Tourists \u2013","og_url":"https:\/\/shuttle2.amrlimo.ch\/de\/datenschutzerklaerung","og_site_name":"Kameha Airport Shuttle","article_publisher":"https:\/\/www.facebook.com\/amrlimo.ch\/","article_modified_time":"2025-05-17T01:39:22+00:00","twitter_card":"summary_large_image","twitter_misc":{"Gesch\u00e4tzte Lesezeit":"6\u00a0Minuten"},"schema":{"@context":"https:\/\/schema.org","@graph":[{"@type":"WebPage","@id":"https:\/\/shuttle2.amrlimo.ch\/de\/datenschutzerklaerung","url":"https:\/\/shuttle2.amrlimo.ch\/de\/datenschutzerklaerung","name":"Datenschutzerkl\u00e4rung - Kameha Airport Shuttle","isPartOf":{"@id":"https:\/\/shuttle2.amrlimo.ch\/de#website"},"datePublished":"2024-11-23T04:09:50+00:00","dateModified":"2025-05-17T01:39:22+00:00","breadcrumb":{"@id":"https:\/\/shuttle2.amrlimo.ch\/de\/datenschutzerklaerung#breadcrumb"},"inLanguage":"de","potentialAction":[{"@type":"ReadAction","target":["https:\/\/shuttle2.amrlimo.ch\/de\/datenschutzerklaerung"]}]},{"@type":"BreadcrumbList","@id":"https:\/\/shuttle2.amrlimo.ch\/de\/datenschutzerklaerung#breadcrumb","itemListElement":[{"@type":"ListItem","position":1,"name":"Startseite","item":"https:\/\/shuttle2.amrlimo.ch\/de"},{"@type":"ListItem","position":2,"name":"Datenschutzerkl\u00e4rung"}]},{"@type":"WebSite","@id":"https:\/\/shuttle2.amrlimo.ch\/de#website","url":"https:\/\/shuttle2.amrlimo.ch\/de","name":"AMR Limo GmbH","description":"Shuttle Service operated by AMR","publisher":{"@id":"https:\/\/shuttle2.amrlimo.ch\/de#organization"},"potentialAction":[{"@type":"SearchAction","target":{"@type":"EntryPoint","urlTemplate":"https:\/\/shuttle2.amrlimo.ch\/de?s={search_term_string}"},"query-input":{"@type":"PropertyValueSpecification","valueRequired":true,"valueName":"search_term_string"}}],"inLanguage":"de"},{"@type":"Organization","@id":"https:\/\/shuttle2.amrlimo.ch\/de#organization","name":"AMR Limo GmbH","url":"https:\/\/shuttle2.amrlimo.ch\/de","logo":{"@type":"ImageObject","inLanguage":"de","@id":"https:\/\/shuttle2.amrlimo.ch\/de#\/schema\/logo\/image\/","url":"https:\/\/shuttle2.amrlimo.ch\/wp-content\/uploads\/images-invoce.png","contentUrl":"https:\/\/shuttle2.amrlimo.ch\/wp-content\/uploads\/images-invoce.png","width":313,"height":109,"caption":"AMR Limo GmbH"},"image":{"@id":"https:\/\/shuttle2.amrlimo.ch\/de#\/schema\/logo\/image\/"},"sameAs":["https:\/\/www.facebook.com\/amrlimo.ch\/","https:\/\/www.linkedin.com\/in\/ghulam-malik-12062185\/"]}]}},"_links":{"self":[{"href":"https:\/\/shuttle2.amrlimo.ch\/de\/wp-json\/wp\/v2\/pages\/3","targetHints":{"allow":["GET"]}}],"collection":[{"href":"https:\/\/shuttle2.amrlimo.ch\/de\/wp-json\/wp\/v2\/pages"}],"about":[{"href":"https:\/\/shuttle2.amrlimo.ch\/de\/wp-json\/wp\/v2\/types\/page"}],"author":[{"embeddable":true,"href":"https:\/\/shuttle2.amrlimo.ch\/de\/wp-json\/wp\/v2\/users\/1"}],"replies":[{"embeddable":true,"href":"https:\/\/shuttle2.amrlimo.ch\/de\/wp-json\/wp\/v2\/comments?post=3"}],"version-history":[{"count":0,"href":"https:\/\/shuttle2.amrlimo.ch\/de\/wp-json\/wp\/v2\/pages\/3\/revisions"}],"wp:attachment":[{"href":"https:\/\/shuttle2.amrlimo.ch\/de\/wp-json\/wp\/v2\/media?parent=3"}],"curies":[{"name":"wp","href":"https:\/\/api.w.org\/{rel}","templated":true}]}}