{"id":27921,"date":"2024-11-24T05:09:50","date_gmt":"2024-11-24T04:09:50","guid":{"rendered":"https:\/\/babylade.ch\/?page_id=27921"},"modified":"2025-06-25T23:37:56","modified_gmt":"2025-06-25T21:37:56","slug":"agb","status":"publish","type":"page","link":"https:\/\/shuttle2.amrlimo.ch\/de\/agb","title":{"rendered":"Allgemeine Gesch\u00e4ftsbdingungen"},"content":{"rendered":"\t\t<div data-elementor-type=\"wp-page\" data-elementor-id=\"27921\" class=\"elementor elementor-27921\">\n\t\t\t\t<div class=\"wd-negative-gap elementor-element elementor-element-3252f41 e-flex e-con-boxed e-con e-parent\" data-id=\"3252f41\" data-element_type=\"container\">\n\t\t\t\t\t<div class=\"e-con-inner\">\n\t\t\t\t<div class=\"elementor-element elementor-element-1fe69a7 elementor-widget elementor-widget-wd_text_block\" data-id=\"1fe69a7\" data-element_type=\"widget\" data-widget_type=\"wd_text_block.default\">\n\t\t\t\t<div class=\"elementor-widget-container\">\n\t\t\t\t\t\t\t<div class=\"wd-text-block reset-last-child text-left\">\n\t\t\t\n\t\t\t<h2>Allgemeine Hinweise und Reisebedingungen<\/h2><p>Folgende Hinweise sind Bestandteil des Vertrages zwischen dem Kunden und der AMR:<\/p><h3>Buchungen<\/h3><p>Wir empfehlen Ihnen die fr\u00fchzeitige Buchung Ihres Shuttle-Transportes. Die Buchung erfolgt online. Kurzfristige Buchungen sind m\u00f6glich, sofern wir nicht schon ausgebucht sind.<\/p><h3>Einstieg<\/h3><p>Ohne Ticket kein Einstieg. Es sind den Anweisungen des Chauffeurs Folge zu leisten. Das Ticket ist dem Chauffeur vorzuweisen. Die G\u00e4ste sind gebeten, erst einzusteigen, wenn das Gep\u00e4ck verstaut ist.<\/p><h3>Gep\u00e4ck<\/h3><p>In den Bus d\u00fcrfen keine Gep\u00e4ckst\u00fccke gebracht werden. Nur Handtaschen sind zugelassen im Bus. Anderes Gep\u00e4ck muss f\u00fcr die Verstauung beim Chauffeur angemeldet werden. F\u00fcr Sch\u00e4den, Verlust oder Diebstahl von Reisegep\u00e4ck und Inhalt \u00fcbernehmen wir keine Haftung.<\/p><h3>Sicherheit im Bus<\/h3><p>Die Fahrg\u00e4ste sind verpflichtet die Sicherheitsgurte anzuschnallen. Es sind keine Stehpl\u00e4tze vorgesehen. Falls alle Sitzpl\u00e4tze besetzt sind, kommt der Bus in den n\u00e4chsten Minuten zur\u00fcck, um Sie abzuholen.<\/p><h3>Annullierung \/ No-show \/ falsche Buchungen<\/h3><p>Bitte beachten Sie: F\u00fcr Stornierungen, Nichterscheinen oder falsche Buchungen k\u00f6nnen keine R\u00fcckerstattungen gew\u00e4hrt werden.<\/p><h3>Mehrwertsteuern \/ Strassensteuern<\/h3><p>In den Preisen sind die Mehrwertsteuer und alle Strassensteuern enthalten.<\/p><h3>Kursschwankungen etc.<\/h3><p>Bei grossen Kursschwankungen, Treibstoffpreiserh\u00f6hungen, oder Einfl\u00fcsse durch h\u00f6here Gewalt, halten wir uns das Recht vor, die Ticketpreise anzupassen.<\/p><h3>Einreisepapiere<\/h3><p>Die Kunden sind f\u00fcr die Mitf\u00fchrung der Reisedokumente (ID, Pass) sowie das Einhalten der Pass-, Visa- und Zollvorschriften selbst verantwortlich.<\/p>\n\t\t\t\t\t<\/div>\n\t\t\t\t\t\t<\/div>\n\t\t\t\t<\/div>\n\t\t\t\t\t<\/div>\n\t\t\t\t<\/div>\n\t\t\t\t<\/div>\n\t\t","protected":false},"excerpt":{"rendered":"<p>Allgemeine Hinweise und Reisebedingungen Folgende Hinweise sind Bestandteil des Vertrages zwischen dem Kunden und der AMR: Buchungen Wir empfehlen Ihnen<\/p>\n","protected":false},"author":1,"featured_media":0,"parent":0,"menu_order":0,"comment_status":"closed","ping_status":"open","template":"","meta":{"footnotes":""},"class_list":["post-27921","page","type-page","status-publish","hentry"],"yoast_head":"<!-- This site is optimized with the Yoast SEO plugin v26.7 - https:\/\/yoast.com\/wordpress\/plugins\/seo\/ -->\n<title>Allgemeine Gesch\u00e4ftsbdingungen - Kameha Airport Shuttle<\/title>\n<meta name=\"robots\" content=\"index, follow, max-snippet:-1, max-image-preview:large, max-video-preview:-1\" \/>\n<link rel=\"canonical\" href=\"https:\/\/shuttle2.amrlimo.ch\/de\/agb\" \/>\n<meta property=\"og:locale\" content=\"de_DE\" \/>\n<meta property=\"og:type\" content=\"article\" \/>\n<meta property=\"og:title\" content=\"Allgemeine Gesch\u00e4ftsbdingungen - Kameha Airport Shuttle\" \/>\n<meta property=\"og:description\" content=\"Allgemeine Hinweise und Reisebedingungen Folgende Hinweise sind Bestandteil des Vertrages zwischen dem Kunden und der AMR: Buchungen Wir empfehlen Ihnen\" \/>\n<meta property=\"og:url\" content=\"https:\/\/shuttle2.amrlimo.ch\/de\/agb\" \/>\n<meta property=\"og:site_name\" content=\"Kameha Airport Shuttle\" \/>\n<meta property=\"article:publisher\" content=\"https:\/\/www.facebook.com\/amrlimo.ch\/\" \/>\n<meta property=\"article:modified_time\" content=\"2025-06-25T21:37:56+00:00\" \/>\n<meta name=\"twitter:card\" content=\"summary_large_image\" \/>\n<meta name=\"twitter:label1\" content=\"Gesch\u00e4tzte Lesezeit\" \/>\n\t<meta name=\"twitter:data1\" content=\"2\u00a0Minuten\" \/>\n<script type=\"application\/ld+json\" class=\"yoast-schema-graph\">{\"@context\":\"https:\/\/schema.org\",\"@graph\":[{\"@type\":\"WebPage\",\"@id\":\"https:\/\/shuttle2.amrlimo.ch\/de\/agb\",\"url\":\"https:\/\/shuttle2.amrlimo.ch\/de\/agb\",\"name\":\"Allgemeine Gesch\u00e4ftsbdingungen - Kameha Airport Shuttle\",\"isPartOf\":{\"@id\":\"https:\/\/shuttle2.amrlimo.ch\/de#website\"},\"datePublished\":\"2024-11-24T04:09:50+00:00\",\"dateModified\":\"2025-06-25T21:37:56+00:00\",\"breadcrumb\":{\"@id\":\"https:\/\/shuttle2.amrlimo.ch\/de\/agb#breadcrumb\"},\"inLanguage\":\"de\",\"potentialAction\":[{\"@type\":\"ReadAction\",\"target\":[\"https:\/\/shuttle2.amrlimo.ch\/de\/agb\"]}]},{\"@type\":\"BreadcrumbList\",\"@id\":\"https:\/\/shuttle2.amrlimo.ch\/de\/agb#breadcrumb\",\"itemListElement\":[{\"@type\":\"ListItem\",\"position\":1,\"name\":\"Startseite\",\"item\":\"https:\/\/shuttle2.amrlimo.ch\/de\"},{\"@type\":\"ListItem\",\"position\":2,\"name\":\"Allgemeine Gesch\u00e4ftsbdingungen\"}]},{\"@type\":\"WebSite\",\"@id\":\"https:\/\/shuttle2.amrlimo.ch\/de#website\",\"url\":\"https:\/\/shuttle2.amrlimo.ch\/de\",\"name\":\"AMR Limo GmbH\",\"description\":\"Shuttle Service operated by AMR\",\"publisher\":{\"@id\":\"https:\/\/shuttle2.amrlimo.ch\/de#organization\"},\"potentialAction\":[{\"@type\":\"SearchAction\",\"target\":{\"@type\":\"EntryPoint\",\"urlTemplate\":\"https:\/\/shuttle2.amrlimo.ch\/de?s={search_term_string}\"},\"query-input\":{\"@type\":\"PropertyValueSpecification\",\"valueRequired\":true,\"valueName\":\"search_term_string\"}}],\"inLanguage\":\"de\"},{\"@type\":\"Organization\",\"@id\":\"https:\/\/shuttle2.amrlimo.ch\/de#organization\",\"name\":\"AMR Limo GmbH\",\"url\":\"https:\/\/shuttle2.amrlimo.ch\/de\",\"logo\":{\"@type\":\"ImageObject\",\"inLanguage\":\"de\",\"@id\":\"https:\/\/shuttle2.amrlimo.ch\/de#\/schema\/logo\/image\/\",\"url\":\"https:\/\/shuttle2.amrlimo.ch\/wp-content\/uploads\/images-invoce.png\",\"contentUrl\":\"https:\/\/shuttle2.amrlimo.ch\/wp-content\/uploads\/images-invoce.png\",\"width\":313,\"height\":109,\"caption\":\"AMR Limo GmbH\"},\"image\":{\"@id\":\"https:\/\/shuttle2.amrlimo.ch\/de#\/schema\/logo\/image\/\"},\"sameAs\":[\"https:\/\/www.facebook.com\/amrlimo.ch\/\",\"https:\/\/www.linkedin.com\/in\/ghulam-malik-12062185\/\"]}]}<\/script>\n<!-- \/ Yoast SEO plugin. -->","yoast_head_json":{"title":"Allgemeine Gesch\u00e4ftsbdingungen - Kameha Airport Shuttle","robots":{"index":"index","follow":"follow","max-snippet":"max-snippet:-1","max-image-preview":"max-image-preview:large","max-video-preview":"max-video-preview:-1"},"canonical":"https:\/\/shuttle2.amrlimo.ch\/de\/agb","og_locale":"de_DE","og_type":"article","og_title":"Allgemeine Gesch\u00e4ftsbdingungen - Kameha Airport Shuttle","og_description":"Allgemeine Hinweise und Reisebedingungen Folgende Hinweise sind Bestandteil des Vertrages zwischen dem Kunden und der AMR: Buchungen Wir empfehlen Ihnen","og_url":"https:\/\/shuttle2.amrlimo.ch\/de\/agb","og_site_name":"Kameha Airport Shuttle","article_publisher":"https:\/\/www.facebook.com\/amrlimo.ch\/","article_modified_time":"2025-06-25T21:37:56+00:00","twitter_card":"summary_large_image","twitter_misc":{"Gesch\u00e4tzte Lesezeit":"2\u00a0Minuten"},"schema":{"@context":"https:\/\/schema.org","@graph":[{"@type":"WebPage","@id":"https:\/\/shuttle2.amrlimo.ch\/de\/agb","url":"https:\/\/shuttle2.amrlimo.ch\/de\/agb","name":"Allgemeine Gesch\u00e4ftsbdingungen - Kameha Airport Shuttle","isPartOf":{"@id":"https:\/\/shuttle2.amrlimo.ch\/de#website"},"datePublished":"2024-11-24T04:09:50+00:00","dateModified":"2025-06-25T21:37:56+00:00","breadcrumb":{"@id":"https:\/\/shuttle2.amrlimo.ch\/de\/agb#breadcrumb"},"inLanguage":"de","potentialAction":[{"@type":"ReadAction","target":["https:\/\/shuttle2.amrlimo.ch\/de\/agb"]}]},{"@type":"BreadcrumbList","@id":"https:\/\/shuttle2.amrlimo.ch\/de\/agb#breadcrumb","itemListElement":[{"@type":"ListItem","position":1,"name":"Startseite","item":"https:\/\/shuttle2.amrlimo.ch\/de"},{"@type":"ListItem","position":2,"name":"Allgemeine Gesch\u00e4ftsbdingungen"}]},{"@type":"WebSite","@id":"https:\/\/shuttle2.amrlimo.ch\/de#website","url":"https:\/\/shuttle2.amrlimo.ch\/de","name":"AMR Limo GmbH","description":"Shuttle Service operated by AMR","publisher":{"@id":"https:\/\/shuttle2.amrlimo.ch\/de#organization"},"potentialAction":[{"@type":"SearchAction","target":{"@type":"EntryPoint","urlTemplate":"https:\/\/shuttle2.amrlimo.ch\/de?s={search_term_string}"},"query-input":{"@type":"PropertyValueSpecification","valueRequired":true,"valueName":"search_term_string"}}],"inLanguage":"de"},{"@type":"Organization","@id":"https:\/\/shuttle2.amrlimo.ch\/de#organization","name":"AMR Limo GmbH","url":"https:\/\/shuttle2.amrlimo.ch\/de","logo":{"@type":"ImageObject","inLanguage":"de","@id":"https:\/\/shuttle2.amrlimo.ch\/de#\/schema\/logo\/image\/","url":"https:\/\/shuttle2.amrlimo.ch\/wp-content\/uploads\/images-invoce.png","contentUrl":"https:\/\/shuttle2.amrlimo.ch\/wp-content\/uploads\/images-invoce.png","width":313,"height":109,"caption":"AMR Limo GmbH"},"image":{"@id":"https:\/\/shuttle2.amrlimo.ch\/de#\/schema\/logo\/image\/"},"sameAs":["https:\/\/www.facebook.com\/amrlimo.ch\/","https:\/\/www.linkedin.com\/in\/ghulam-malik-12062185\/"]}]}},"_links":{"self":[{"href":"https:\/\/shuttle2.amrlimo.ch\/de\/wp-json\/wp\/v2\/pages\/27921","targetHints":{"allow":["GET"]}}],"collection":[{"href":"https:\/\/shuttle2.amrlimo.ch\/de\/wp-json\/wp\/v2\/pages"}],"about":[{"href":"https:\/\/shuttle2.amrlimo.ch\/de\/wp-json\/wp\/v2\/types\/page"}],"author":[{"embeddable":true,"href":"https:\/\/shuttle2.amrlimo.ch\/de\/wp-json\/wp\/v2\/users\/1"}],"replies":[{"embeddable":true,"href":"https:\/\/shuttle2.amrlimo.ch\/de\/wp-json\/wp\/v2\/comments?post=27921"}],"version-history":[{"count":0,"href":"https:\/\/shuttle2.amrlimo.ch\/de\/wp-json\/wp\/v2\/pages\/27921\/revisions"}],"wp:attachment":[{"href":"https:\/\/shuttle2.amrlimo.ch\/de\/wp-json\/wp\/v2\/media?parent=27921"}],"curies":[{"name":"wp","href":"https:\/\/api.w.org\/{rel}","templated":true}]}}